{"id":1107,"date":"2022-10-12T18:18:49","date_gmt":"2022-10-12T18:18:49","guid":{"rendered":"https:\/\/theme.madsparrow.me\/most\/?page_id=1107"},"modified":"2024-07-15T23:26:55","modified_gmt":"2024-07-15T23:26:55","slug":"mision-y-vision","status":"publish","type":"page","link":"https:\/\/sedecotlaxcala.gob.mx\/2025\/mision-y-vision\/","title":{"rendered":"Misi\u00f3n y Visi\u00f3n"},"content":{"rendered":"\t\t<div data-elementor-type=\"wp-page\" data-elementor-id=\"1107\" class=\"elementor elementor-1107\">\n\t\t\t\t\t\t<section class=\"elementor-section elementor-top-section elementor-element elementor-element-3e25937 elementor-section-height-min-height elementor-section-boxed elementor-section-height-default elementor-section-items-middle\" data-id=\"3e25937\" data-element_type=\"section\" data-e-type=\"section\" data-settings=\"{&quot;background_background&quot;:&quot;classic&quot;}\">\n\t\t\t\t\t\t<div class=\"elementor-container elementor-column-gap-default\">\n\t\t\t\t\t<div class=\"elementor-column elementor-col-100 elementor-top-column elementor-element elementor-element-9202420\" data-id=\"9202420\" data-element_type=\"column\" data-e-type=\"column\">\n\t\t\t<div class=\"elementor-widget-wrap elementor-element-populated\">\n\t\t\t\t\t\t<section class=\"elementor-section elementor-inner-section elementor-element elementor-element-e43a899 elementor-section-full_width elementor-section-height-default elementor-section-height-default\" data-id=\"e43a899\" data-element_type=\"section\" data-e-type=\"section\">\n\t\t\t\t\t\t<div class=\"elementor-container elementor-column-gap-default\">\n\t\t\t\t\t<div class=\"elementor-column elementor-col-50 elementor-inner-column elementor-element elementor-element-165f403\" data-id=\"165f403\" data-element_type=\"column\" data-e-type=\"column\">\n\t\t\t<div class=\"elementor-widget-wrap elementor-element-populated\">\n\t\t\t\t\t\t<div class=\"elementor-element elementor-element-da92c4e elementor-widget elementor-widget-heading\" data-id=\"da92c4e\" data-element_type=\"widget\" data-e-type=\"widget\" data-widget_type=\"heading.default\">\n\t\t\t\t<div class=\"elementor-widget-container\">\n\t\t\t\t\t<h2 class=\"elementor-heading-title elementor-size-default\">HOLA<\/h2>\t\t\t\t<\/div>\n\t\t\t\t<\/div>\n\t\t\t\t<div class=\"elementor-element elementor-element-f2bf6b5 elementor-widget elementor-widget-heading\" data-id=\"f2bf6b5\" data-element_type=\"widget\" data-e-type=\"widget\" data-widget_type=\"heading.default\">\n\t\t\t\t<div class=\"elementor-widget-container\">\n\t\t\t\t\t<h2 class=\"elementor-heading-title elementor-size-default\">BIENVENIDO A<\/h2>\t\t\t\t<\/div>\n\t\t\t\t<\/div>\n\t\t\t\t<div class=\"elementor-element elementor-element-b08a19f elementor-widget elementor-widget-heading\" data-id=\"b08a19f\" data-element_type=\"widget\" data-e-type=\"widget\" data-widget_type=\"heading.default\">\n\t\t\t\t<div class=\"elementor-widget-container\">\n\t\t\t\t\t<h2 class=\"elementor-heading-title elementor-size-default\">SEDECO \u00a0\u00a0\u00a0\u00a0TLAXCALA<\/h2>\t\t\t\t<\/div>\n\t\t\t\t<\/div>\n\t\t\t\t<div class=\"elementor-element elementor-element-bd0d59d elementor-hidden-tablet elementor-hidden-mobile elementor-widget elementor-widget-heading\" data-id=\"bd0d59d\" data-element_type=\"widget\" data-e-type=\"widget\" data-widget_type=\"heading.default\">\n\t\t\t\t<div class=\"elementor-widget-container\">\n\t\t\t\t\t<h2 class=\"elementor-heading-title elementor-size-default\">\u201cCrecimiento, Inversi\u00f3n y Empleo\u201d<\/h2>\t\t\t\t<\/div>\n\t\t\t\t<\/div>\n\t\t\t\t<div class=\"elementor-element elementor-element-9038ce1 elementor-hidden-tablet elementor-hidden-mobile elementor-widget elementor-widget-ms-social-icons\" data-id=\"9038ce1\" data-element_type=\"widget\" data-e-type=\"widget\" data-widget_type=\"ms-social-icons.default\">\n\t\t\t\t<div class=\"elementor-widget-container\">\n\t\t\t\t\t        <div class=\"ms-s-w\">\r\n                    <a class=\"ms-s-i mono s-it\" href=\"https:\/\/www.instagram.com\/sedeco_tlax\/\"><i class=\" fa-instagram\"><span>instagram<\/span><\/i><\/a>\r\n                    <a class=\"ms-s-i mono s-it\" href=\"https:\/\/www.facebook.com\/SEDECOTLAXCALA\"><i class=\" fa-facebook\"><span>facebook<\/span><\/i><\/a>\r\n                    <a class=\"ms-s-i mono s-it\" href=\"https:\/\/x.com\/SEDECO_TLAXCALA\"><i class=\" fa-twitter\"><span>twitter<\/span><\/i><\/a>\r\n                <\/div>\r\n    \t\t\t\t<\/div>\n\t\t\t\t<\/div>\n\t\t\t\t\t<\/div>\n\t\t<\/div>\n\t\t\t\t<div class=\"elementor-column elementor-col-50 elementor-inner-column elementor-element elementor-element-e02bff3\" data-id=\"e02bff3\" data-element_type=\"column\" data-e-type=\"column\">\n\t\t\t<div class=\"elementor-widget-wrap elementor-element-populated\">\n\t\t\t\t\t\t<div class=\"elementor-element elementor-element-0438ac6 elementor-widget elementor-widget-image\" data-id=\"0438ac6\" data-element_type=\"widget\" data-e-type=\"widget\" data-widget_type=\"image.default\">\n\t\t\t\t<div class=\"elementor-widget-container\">\n\t\t\t\t\t\t\t\t\t\t\t\t\t\t\t<img fetchpriority=\"high\" decoding=\"async\" width=\"2560\" height=\"1707\" src=\"https:\/\/sedecotlaxcala.gob.mx\/2025\/wp-content\/uploads\/2024\/03\/3-scaled.jpg\" class=\"attachment-full size-full wp-image-3233\" alt=\"\" srcset=\"https:\/\/sedecotlaxcala.gob.mx\/2025\/wp-content\/uploads\/2024\/03\/3-scaled.jpg 2560w, https:\/\/sedecotlaxcala.gob.mx\/2025\/wp-content\/uploads\/2024\/03\/3-300x200.jpg 300w, https:\/\/sedecotlaxcala.gob.mx\/2025\/wp-content\/uploads\/2024\/03\/3-1024x683.jpg 1024w, https:\/\/sedecotlaxcala.gob.mx\/2025\/wp-content\/uploads\/2024\/03\/3-768x512.jpg 768w, https:\/\/sedecotlaxcala.gob.mx\/2025\/wp-content\/uploads\/2024\/03\/3-1536x1024.jpg 1536w, https:\/\/sedecotlaxcala.gob.mx\/2025\/wp-content\/uploads\/2024\/03\/3-2048x1365.jpg 2048w, https:\/\/sedecotlaxcala.gob.mx\/2025\/wp-content\/uploads\/2024\/03\/3-400x268.jpg 400w, https:\/\/sedecotlaxcala.gob.mx\/2025\/wp-content\/uploads\/2024\/03\/3-1120x747.jpg 1120w, https:\/\/sedecotlaxcala.gob.mx\/2025\/wp-content\/uploads\/2024\/03\/3-700x467.jpg 700w\" sizes=\"(max-width: 2560px) 100vw, 2560px\" \/>\t\t\t\t\t\t\t\t\t\t\t\t\t\t\t<\/div>\n\t\t\t\t<\/div>\n\t\t\t\t\t<\/div>\n\t\t<\/div>\n\t\t\t\t\t<\/div>\n\t\t<\/section>\n\t\t\t\t<div class=\"elementor-element elementor-element-48e3dc0 elementor-widget elementor-widget-video\" data-id=\"48e3dc0\" data-element_type=\"widget\" data-e-type=\"widget\" data-settings=\"{&quot;youtube_url&quot;:&quot;https:\\\/\\\/youtu.be\\\/0U2CmDcQfUc&quot;,&quot;lazy_load&quot;:&quot;yes&quot;,&quot;video_type&quot;:&quot;youtube&quot;,&quot;controls&quot;:&quot;yes&quot;}\" data-widget_type=\"video.default\">\n\t\t\t\t<div class=\"elementor-widget-container\">\n\t\t\t\t\t\t\t<div class=\"elementor-wrapper elementor-open-inline\">\n\t\t\t<div class=\"elementor-video\"><\/div>\t\t<\/div>\n\t\t\t\t\t\t<\/div>\n\t\t\t\t<\/div>\n\t\t\t\t\t<\/div>\n\t\t<\/div>\n\t\t\t\t\t<\/div>\n\t\t<\/section>\n\t\t\t\t<section class=\"elementor-section elementor-top-section elementor-element elementor-element-544384a elementor-section-boxed elementor-section-height-default elementor-section-height-default\" data-id=\"544384a\" data-element_type=\"section\" data-e-type=\"section\">\n\t\t\t\t\t\t<div class=\"elementor-container elementor-column-gap-extended\">\n\t\t\t\t\t<div class=\"elementor-column elementor-col-100 elementor-top-column elementor-element elementor-element-1d09ba2\" data-id=\"1d09ba2\" data-element_type=\"column\" data-e-type=\"column\">\n\t\t\t<div class=\"elementor-widget-wrap elementor-element-populated\">\n\t\t\t\t\t\t<div class=\"elementor-element elementor-element-87c0f1b elementor-widget elementor-widget-ms_projects\" data-id=\"87c0f1b\" data-element_type=\"widget\" data-e-type=\"widget\" data-widget_type=\"ms_projects.default\">\n\t\t\t\t<div class=\"elementor-widget-container\">\n\t\t\t\t\t\r\n\t\t<div class=\"portfolio_wrap\" id=\"87c0f1b\">\r\n\r\n\t\t\t\t\t\t\t\t\t\t\t\t\t\t\t\r\n\t\t\t\t<div class=\"portfolio-feed ms-p--d row\">\r\n\t\t\t\t\t<span class=\"load_filter\">\r\n\t\t\t\t\t\t<svg class=\"load-filter-icon\" width=\"100%\" height=\"100%\" viewBox=\"0 0 100 100\" preserveAspectRatio=\"xMidYMid\">\r\n\t\t\t\t\t\t\t<circle cx=\"50\" cy=\"50\" r=\"30\" stroke-width=\"6\" stroke-linecap=\"round\" fill=\"none\">\r\n\t\t\t\t\t\t\t\t<animateTransform attributeName=\"transform\" type=\"rotate\" repeatCount=\"indefinite\" dur=\"1s\" values=\"0 50 50;180 50 50;720 50 50\" keyTimes=\"0;0.5;1\"><\/animateTransform>\r\n\t\t\t\t\t\t\t\t<animate attributeName=\"stroke-dasharray\" repeatCount=\"indefinite\" dur=\"1s\" values=\"18.84955592153876 169.64600329384882;94.2477796076938 94.24777960769377;18.84955592153876 169.64600329384882\" keyTimes=\"0;0.5;1\"><\/animate>\r\n\t\t\t\t\t\t\t<\/circle>\r\n\t\t\t\t\t\t<\/svg>\r\n\t\t\t\t\t<\/span>\r\n\r\n\t\t\t\t\t\r\n\t\t\t\t\t<div class=\"grid-sizer col-md-4\"><\/div>\r\n\t\t\t\t\t\r\n\t\t\t\t\t\r\n\t\t\t\t<\/div>\r\n\r\n\t\t\t\t\r\n\t\t\t\t\t\t\r\n\t\t\t\r\n\t\t<\/div>\r\n\r\n\t\t\t\t\t\t<\/div>\n\t\t\t\t<\/div>\n\t\t\t\t<div class=\"elementor-element elementor-element-e54b637 elementor-widget elementor-widget-spacer\" data-id=\"e54b637\" data-element_type=\"widget\" data-e-type=\"widget\" data-widget_type=\"spacer.default\">\n\t\t\t\t<div class=\"elementor-widget-container\">\n\t\t\t\t\t\t\t<div class=\"elementor-spacer\">\n\t\t\t<div class=\"elementor-spacer-inner\"><\/div>\n\t\t<\/div>\n\t\t\t\t\t\t<\/div>\n\t\t\t\t<\/div>\n\t\t\t\t<div class=\"elementor-element elementor-element-fd100ed elementor-widget-divider--view-line elementor-widget elementor-widget-divider\" data-id=\"fd100ed\" data-element_type=\"widget\" data-e-type=\"widget\" data-widget_type=\"divider.default\">\n\t\t\t\t<div class=\"elementor-widget-container\">\n\t\t\t\t\t\t\t<div class=\"elementor-divider\">\n\t\t\t<span class=\"elementor-divider-separator\">\n\t\t\t\t\t\t<\/span>\n\t\t<\/div>\n\t\t\t\t\t\t<\/div>\n\t\t\t\t<\/div>\n\t\t\t\t<div class=\"elementor-element elementor-element-d11f189 elementor-widget elementor-widget-spacer\" data-id=\"d11f189\" data-element_type=\"widget\" data-e-type=\"widget\" data-widget_type=\"spacer.default\">\n\t\t\t\t<div class=\"elementor-widget-container\">\n\t\t\t\t\t\t\t<div class=\"elementor-spacer\">\n\t\t\t<div class=\"elementor-spacer-inner\"><\/div>\n\t\t<\/div>\n\t\t\t\t\t\t<\/div>\n\t\t\t\t<\/div>\n\t\t\t\t<section class=\"elementor-section elementor-inner-section elementor-element elementor-element-2aff624 elementor-section-full_width elementor-section-height-default elementor-section-height-default\" data-id=\"2aff624\" data-element_type=\"section\" data-e-type=\"section\">\n\t\t\t\t\t\t<div class=\"elementor-container elementor-column-gap-no\">\n\t\t\t\t\t<div class=\"elementor-column elementor-col-33 elementor-inner-column elementor-element elementor-element-691e312\" data-id=\"691e312\" data-element_type=\"column\" data-e-type=\"column\">\n\t\t\t<div class=\"elementor-widget-wrap elementor-element-populated\">\n\t\t\t\t\t\t<div class=\"elementor-element elementor-element-4d8d562 elementor-widget elementor-widget-text-editor\" data-id=\"4d8d562\" data-element_type=\"widget\" data-e-type=\"widget\" data-widget_type=\"text-editor.default\">\n\t\t\t\t<div class=\"elementor-widget-container\">\n\t\t\t\t\t\t\t\t\t<p><strong>MISI\u00d3N<\/strong> & VISI\u00d3N<\/p>\t\t\t\t\t\t\t\t<\/div>\n\t\t\t\t<\/div>\n\t\t\t\t\t<\/div>\n\t\t<\/div>\n\t\t\t\t<div class=\"elementor-column elementor-col-33 elementor-inner-column elementor-element elementor-element-8a6ec6e\" data-id=\"8a6ec6e\" data-element_type=\"column\" data-e-type=\"column\">\n\t\t\t<div class=\"elementor-widget-wrap elementor-element-populated\">\n\t\t\t\t\t\t<div class=\"elementor-element elementor-element-ddbe854 elementor-widget elementor-widget-heading\" data-id=\"ddbe854\" data-element_type=\"widget\" data-e-type=\"widget\" data-widget_type=\"heading.default\">\n\t\t\t\t<div class=\"elementor-widget-container\">\n\t\t\t\t\t<h3 class=\"elementor-heading-title elementor-size-default\">MISI\u00d3N<\/h3>\t\t\t\t<\/div>\n\t\t\t\t<\/div>\n\t\t\t\t<div class=\"elementor-element elementor-element-08f9859 elementor-align-start elementor-icon-list--layout-traditional elementor-list-item-link-full_width elementor-widget elementor-widget-icon-list\" data-id=\"08f9859\" data-element_type=\"widget\" data-e-type=\"widget\" data-widget_type=\"icon-list.default\">\n\t\t\t\t<div class=\"elementor-widget-container\">\n\t\t\t\t\t\t\t<ul class=\"elementor-icon-list-items\">\n\t\t\t\t\t\t\t<li class=\"elementor-icon-list-item\">\n\t\t\t\t\t\t\t\t\t\t\t<span class=\"elementor-icon-list-icon\">\n\t\t\t\t\t\t\t<i aria-hidden=\"true\" class=\"fas fa-check\"><\/i>\t\t\t\t\t\t<\/span>\n\t\t\t\t\t\t\t\t\t\t<span class=\"elementor-icon-list-text\">Somos una instituci\u00f3n que promueve el desarrollo econ\u00f3mico mediante el impulso de programas y acciones orientadas a crear condiciones para la atracci\u00f3n de inversiones extranjeras y nacionales, la generaci\u00f3n de empleos, consolidaci\u00f3n de empresas y personas emprendedoras m\u00e1s competitivas enfocadas a la sustentabilidad. <\/span>\n\t\t\t\t\t\t\t\t\t<\/li>\n\t\t\t\t\t\t<\/ul>\n\t\t\t\t\t\t<\/div>\n\t\t\t\t<\/div>\n\t\t\t\t\t<\/div>\n\t\t<\/div>\n\t\t\t\t<div class=\"elementor-column elementor-col-33 elementor-inner-column elementor-element elementor-element-55ceebb\" data-id=\"55ceebb\" data-element_type=\"column\" data-e-type=\"column\">\n\t\t\t<div class=\"elementor-widget-wrap elementor-element-populated\">\n\t\t\t\t\t\t<div class=\"elementor-element elementor-element-f81c999 elementor-widget elementor-widget-heading\" data-id=\"f81c999\" data-element_type=\"widget\" data-e-type=\"widget\" data-widget_type=\"heading.default\">\n\t\t\t\t<div class=\"elementor-widget-container\">\n\t\t\t\t\t<h3 class=\"elementor-heading-title elementor-size-default\">VISI\u00d3N<\/h3>\t\t\t\t<\/div>\n\t\t\t\t<\/div>\n\t\t\t\t<div class=\"elementor-element elementor-element-f48cc1d elementor-align-start elementor-icon-list--layout-traditional elementor-list-item-link-full_width elementor-widget elementor-widget-icon-list\" data-id=\"f48cc1d\" data-element_type=\"widget\" data-e-type=\"widget\" data-widget_type=\"icon-list.default\">\n\t\t\t\t<div class=\"elementor-widget-container\">\n\t\t\t\t\t\t\t<ul class=\"elementor-icon-list-items\">\n\t\t\t\t\t\t\t<li class=\"elementor-icon-list-item\">\n\t\t\t\t\t\t\t\t\t\t\t<span class=\"elementor-icon-list-icon\">\n\t\t\t\t\t\t\t<i aria-hidden=\"true\" class=\"fas fa-award\"><\/i>\t\t\t\t\t\t<\/span>\n\t\t\t\t\t\t\t\t\t\t<span class=\"elementor-icon-list-text\">La Secretar\u00eda de Desarrollo Econ\u00f3mico, ser\u00e1 la que promover\u00e1 la generaci\u00f3n de empleos e impulsar\u00e1 el crecimiento econ\u00f3mico del Estado, a trav\u00e9s del incremento de la industria, la competitividad y las inversiones productivas.<\/span>\n\t\t\t\t\t\t\t\t\t<\/li>\n\t\t\t\t\t\t<\/ul>\n\t\t\t\t\t\t<\/div>\n\t\t\t\t<\/div>\n\t\t\t\t\t<\/div>\n\t\t<\/div>\n\t\t\t\t\t<\/div>\n\t\t<\/section>\n\t\t\t\t<div class=\"elementor-element elementor-element-f6d1f15 elementor-widget elementor-widget-spacer\" data-id=\"f6d1f15\" data-element_type=\"widget\" data-e-type=\"widget\" data-widget_type=\"spacer.default\">\n\t\t\t\t<div class=\"elementor-widget-container\">\n\t\t\t\t\t\t\t<div class=\"elementor-spacer\">\n\t\t\t<div class=\"elementor-spacer-inner\"><\/div>\n\t\t<\/div>\n\t\t\t\t\t\t<\/div>\n\t\t\t\t<\/div>\n\t\t\t\t\t<\/div>\n\t\t<\/div>\n\t\t\t\t\t<\/div>\n\t\t<\/section>\n\t\t\t\t<\/div>\n\t\t","protected":false},"excerpt":{"rendered":"<p>HOLA BIENVENIDO A SEDECO \u00a0\u00a0\u00a0\u00a0TLAXCALA \u201cCrecimiento, Inversi\u00f3n y Empleo\u201d instagram facebook twitter MISI\u00d3N &#038; VISI\u00d3N MISI\u00d3N Somos una instituci\u00f3n que promueve el desarrollo econ\u00f3mico [&hellip;]<\/p>\n","protected":false},"author":1,"featured_media":0,"parent":0,"menu_order":0,"comment_status":"closed","ping_status":"closed","template":"page-custom.php","meta":{"footnotes":""},"class_list":["post-1107","page","type-page","status-publish","hentry"],"aioseo_notices":[],"_links":{"self":[{"href":"https:\/\/sedecotlaxcala.gob.mx\/2025\/wp-json\/wp\/v2\/pages\/1107","targetHints":{"allow":["GET"]}}],"collection":[{"href":"https:\/\/sedecotlaxcala.gob.mx\/2025\/wp-json\/wp\/v2\/pages"}],"about":[{"href":"https:\/\/sedecotlaxcala.gob.mx\/2025\/wp-json\/wp\/v2\/types\/page"}],"author":[{"embeddable":true,"href":"https:\/\/sedecotlaxcala.gob.mx\/2025\/wp-json\/wp\/v2\/users\/1"}],"replies":[{"embeddable":true,"href":"https:\/\/sedecotlaxcala.gob.mx\/2025\/wp-json\/wp\/v2\/comments?post=1107"}],"version-history":[{"count":14,"href":"https:\/\/sedecotlaxcala.gob.mx\/2025\/wp-json\/wp\/v2\/pages\/1107\/revisions"}],"predecessor-version":[{"id":3569,"href":"https:\/\/sedecotlaxcala.gob.mx\/2025\/wp-json\/wp\/v2\/pages\/1107\/revisions\/3569"}],"wp:attachment":[{"href":"https:\/\/sedecotlaxcala.gob.mx\/2025\/wp-json\/wp\/v2\/media?parent=1107"}],"curies":[{"name":"wp","href":"https:\/\/api.w.org\/{rel}","templated":true}]}}